{"id":9981,"date":"2023-03-07T10:25:58","date_gmt":"2023-03-07T09:25:58","guid":{"rendered":"https:\/\/livingoncookies.com\/?page_id=9981"},"modified":"2023-03-07T10:25:58","modified_gmt":"2023-03-07T09:25:58","slug":"offenlegungserklaerung","status":"publish","type":"page","link":"https:\/\/livingoncookies.com\/de\/offenlegungserklaerung\/","title":{"rendered":"{Offenlegungserkl\u00e4rung}"},"content":{"rendered":"\n<p>Dieser Blog ist ein privater Business-Blog, dessen Besitzerin Krista Tropper verwaltet. Dieser Blog akzeptiert Formen der Geldwerbung, des Sponsorings, der bezahlten Einf\u00fcgungen oder anderer Formen der Verg\u00fctung.<\/p>\n\n\n\n<p>Die Verg\u00fctung kann in Form von Anzeigen erfolgen, die von Werbenetzwerken Dritter, verbundenen Unternehmen und\/oder gesponserten Beitr\u00e4gen generiert werden. Gesponserte Posts und Affiliate-Links werden innerhalb der Posts, die diese Verg\u00fctung enthalten, gekennzeichnet.<\/p>\n\n\n\n<p>Dieser Blog kann eine Verg\u00fctung erhalten, um Meinungen zu Produkten, Dienstleistungen, Websites und verschiedenen anderen Themen abzugeben. Die in diesem Blog ge\u00e4u\u00dferten Ansichten und Meinungen sind jedoch ausschlie\u00dflich die des Bloggers. Alle Produktaussagen, Statistiken, Zitate oder sonstigen Darstellungen zu einem Produkt oder einer Dienstleistung sollten mit dem betreffenden Hersteller, Anbieter oder der betreffenden Partei verifiziert werden.<\/p>\n\n\n\n<p>Dieser Blog kann Inhalte enthalten, die als Interessenkonflikt wahrgenommen werden k\u00f6nnten. Wenn angenommen wird, dass ein Konflikt besteht, werden diese Inhalte immer identifiziert. Es wird jedoch empfohlen, dass Sie immer eigene Recherchen durchf\u00fchren.<\/p>\n\n\n\n<h2 class=\"wp-block-heading\">Pers\u00f6nliche Anmerkung <\/h2>\n\n\n\n<p>Hier bei Living on Cookies bin ich (Krista Tropper) stolz auf die Qualit\u00e4t des Inhalts und darauf, nur Marken zu bewerben, die ich selbst kenne und benutze. W\u00e4hrend dieser Blog ein Business-Blog ist und als solcher einen Gewinn erfordert, um fortzufahren, w\u00e4hle ich pers\u00f6nlich jeden Partner und\/oder Sponsor auf der Grundlage meiner eigenen Erfahrungen aus. Eine erhaltene Verg\u00fctung wird niemals die Inhalte, Themen oder Beitr\u00e4ge in diesem Blog beeinflussen. Bitte lesen Sie jedoch die obigen rechtlichen Hinweise durch und seien Sie ein informierter K\u00e4ufer. Fragen sind jederzeit willkommen.<\/p>\n","protected":false},"excerpt":{"rendered":"<p>Dieser Blog ist ein privater Business-Blog, dessen Besitzerin Krista Tropper verwaltet. Dieser Blog akzeptiert Formen der Geldwerbung, des Sponsorings, der bezahlten Einf\u00fcgungen oder anderer Formen der Verg\u00fctung. Die Verg\u00fctung kann in Form von Anzeigen erfolgen, die von Werbenetzwerken Dritter, verbundenen Unternehmen und\/oder gesponserten Beitr\u00e4gen generiert werden. Gesponserte Posts und Affiliate-Links werden innerhalb der Posts, die...<\/p>\n<p><a class=\"more-link\" href=\"https:\/\/livingoncookies.com\/de\/offenlegungserklaerung\/\">Read More<\/a><\/p>\n","protected":false},"author":1,"featured_media":0,"parent":0,"menu_order":0,"comment_status":"closed","ping_status":"closed","template":"","meta":{"wprm-recipe-roundup-name":"","wprm-recipe-roundup-description":"","_monsterinsights_skip_tracking":false,"_monsterinsights_sitenote_active":false,"_monsterinsights_sitenote_note":"","_monsterinsights_sitenote_category":0,"_genesis_hide_title":false,"_genesis_hide_breadcrumbs":false,"_genesis_hide_singular_image":false,"_genesis_hide_footer_widgets":false,"_genesis_custom_body_class":"","_genesis_custom_post_class":"","_genesis_layout":"","footnotes":""},"yoast_head":"<!-- This site is optimized with the Yoast SEO plugin v23.2 - https:\/\/yoast.com\/wordpress\/plugins\/seo\/ -->\n<title>{Offenlegungserkl\u00e4rung} - Living on Cookies<\/title>\n<meta name=\"robots\" content=\"index, follow, max-snippet:-1, max-image-preview:large, max-video-preview:-1\" \/>\n<link rel=\"canonical\" href=\"https:\/\/livingoncookies.com\/de\/offenlegungserklaerung\/\" \/>\n<meta property=\"og:locale\" content=\"de_DE\" \/>\n<meta property=\"og:type\" content=\"article\" \/>\n<meta property=\"og:title\" content=\"{Offenlegungserkl\u00e4rung} - Living on Cookies\" \/>\n<meta property=\"og:description\" content=\"Dieser Blog ist ein privater Business-Blog, dessen Besitzerin Krista Tropper verwaltet. Dieser Blog akzeptiert Formen der Geldwerbung, des Sponsorings, der bezahlten Einf\u00fcgungen oder anderer Formen der Verg\u00fctung. Die Verg\u00fctung kann in Form von Anzeigen erfolgen, die von Werbenetzwerken Dritter, verbundenen Unternehmen und\/oder gesponserten Beitr\u00e4gen generiert werden. Gesponserte Posts und Affiliate-Links werden innerhalb der Posts, die...Read More\" \/>\n<meta property=\"og:url\" content=\"https:\/\/livingoncookies.com\/de\/offenlegungserklaerung\/\" \/>\n<meta property=\"og:site_name\" content=\"Living on Cookies\" \/>\n<meta name=\"twitter:card\" content=\"summary_large_image\" \/>\n<meta name=\"twitter:label1\" content=\"Gesch\u00e4tzte Lesezeit\" \/>\n\t<meta name=\"twitter:data1\" content=\"2\u00a0Minuten\" \/>\n<script type=\"application\/ld+json\" class=\"yoast-schema-graph\">{\"@context\":\"https:\/\/schema.org\",\"@graph\":[{\"@type\":\"WebPage\",\"@id\":\"https:\/\/livingoncookies.com\/de\/offenlegungserklaerung\/\",\"url\":\"https:\/\/livingoncookies.com\/de\/offenlegungserklaerung\/\",\"name\":\"{Offenlegungserkl\u00e4rung} - Living on Cookies\",\"isPartOf\":{\"@id\":\"https:\/\/livingoncookies.com\/#website\"},\"datePublished\":\"2023-03-07T09:25:58+00:00\",\"dateModified\":\"2023-03-07T09:25:58+00:00\",\"breadcrumb\":{\"@id\":\"https:\/\/livingoncookies.com\/de\/offenlegungserklaerung\/#breadcrumb\"},\"inLanguage\":\"de\",\"potentialAction\":[{\"@type\":\"ReadAction\",\"target\":[\"https:\/\/livingoncookies.com\/de\/offenlegungserklaerung\/\"]}]},{\"@type\":\"BreadcrumbList\",\"@id\":\"https:\/\/livingoncookies.com\/de\/offenlegungserklaerung\/#breadcrumb\",\"itemListElement\":[{\"@type\":\"ListItem\",\"position\":1,\"name\":\"Home\",\"item\":\"https:\/\/livingoncookies.com\/de\/\"},{\"@type\":\"ListItem\",\"position\":2,\"name\":\"{Offenlegungserkl\u00e4rung}\"}]},{\"@type\":\"WebSite\",\"@id\":\"https:\/\/livingoncookies.com\/#website\",\"url\":\"https:\/\/livingoncookies.com\/\",\"name\":\"Living on Cookies\",\"description\":\"an American baking in Austria\",\"publisher\":{\"@id\":\"https:\/\/livingoncookies.com\/#\/schema\/person\/b03a60d5cdd8512b5d36ebd151ebd777\"},\"potentialAction\":[{\"@type\":\"SearchAction\",\"target\":{\"@type\":\"EntryPoint\",\"urlTemplate\":\"https:\/\/livingoncookies.com\/?s={search_term_string}\"},\"query-input\":\"required name=search_term_string\"}],\"inLanguage\":\"de\"},{\"@type\":[\"Person\",\"Organization\"],\"@id\":\"https:\/\/livingoncookies.com\/#\/schema\/person\/b03a60d5cdd8512b5d36ebd151ebd777\",\"name\":\"Krista\",\"image\":{\"@type\":\"ImageObject\",\"inLanguage\":\"de\",\"@id\":\"https:\/\/livingoncookies.com\/#\/schema\/person\/image\/\",\"url\":\"https:\/\/livingoncookies.com\/wp-content\/uploads\/2019\/06\/Website-Preview-1.jpg\",\"contentUrl\":\"https:\/\/livingoncookies.com\/wp-content\/uploads\/2019\/06\/Website-Preview-1.jpg\",\"width\":800,\"height\":800,\"caption\":\"Krista\"},\"logo\":{\"@id\":\"https:\/\/livingoncookies.com\/#\/schema\/person\/image\/\"},\"sameAs\":[\"https:\/\/livingoncookies.com\/about\/\"]}]}<\/script>\n<!-- \/ Yoast SEO plugin. -->","yoast_head_json":{"title":"{Offenlegungserkl\u00e4rung} - Living on Cookies","robots":{"index":"index","follow":"follow","max-snippet":"max-snippet:-1","max-image-preview":"max-image-preview:large","max-video-preview":"max-video-preview:-1"},"canonical":"https:\/\/livingoncookies.com\/de\/offenlegungserklaerung\/","og_locale":"de_DE","og_type":"article","og_title":"{Offenlegungserkl\u00e4rung} - Living on Cookies","og_description":"Dieser Blog ist ein privater Business-Blog, dessen Besitzerin Krista Tropper verwaltet. Dieser Blog akzeptiert Formen der Geldwerbung, des Sponsorings, der bezahlten Einf\u00fcgungen oder anderer Formen der Verg\u00fctung. Die Verg\u00fctung kann in Form von Anzeigen erfolgen, die von Werbenetzwerken Dritter, verbundenen Unternehmen und\/oder gesponserten Beitr\u00e4gen generiert werden. Gesponserte Posts und Affiliate-Links werden innerhalb der Posts, die...Read More","og_url":"https:\/\/livingoncookies.com\/de\/offenlegungserklaerung\/","og_site_name":"Living on Cookies","twitter_card":"summary_large_image","twitter_misc":{"Gesch\u00e4tzte Lesezeit":"2\u00a0Minuten"},"schema":{"@context":"https:\/\/schema.org","@graph":[{"@type":"WebPage","@id":"https:\/\/livingoncookies.com\/de\/offenlegungserklaerung\/","url":"https:\/\/livingoncookies.com\/de\/offenlegungserklaerung\/","name":"{Offenlegungserkl\u00e4rung} - Living on Cookies","isPartOf":{"@id":"https:\/\/livingoncookies.com\/#website"},"datePublished":"2023-03-07T09:25:58+00:00","dateModified":"2023-03-07T09:25:58+00:00","breadcrumb":{"@id":"https:\/\/livingoncookies.com\/de\/offenlegungserklaerung\/#breadcrumb"},"inLanguage":"de","potentialAction":[{"@type":"ReadAction","target":["https:\/\/livingoncookies.com\/de\/offenlegungserklaerung\/"]}]},{"@type":"BreadcrumbList","@id":"https:\/\/livingoncookies.com\/de\/offenlegungserklaerung\/#breadcrumb","itemListElement":[{"@type":"ListItem","position":1,"name":"Home","item":"https:\/\/livingoncookies.com\/de\/"},{"@type":"ListItem","position":2,"name":"{Offenlegungserkl\u00e4rung}"}]},{"@type":"WebSite","@id":"https:\/\/livingoncookies.com\/#website","url":"https:\/\/livingoncookies.com\/","name":"Living on Cookies","description":"an American baking in Austria","publisher":{"@id":"https:\/\/livingoncookies.com\/#\/schema\/person\/b03a60d5cdd8512b5d36ebd151ebd777"},"potentialAction":[{"@type":"SearchAction","target":{"@type":"EntryPoint","urlTemplate":"https:\/\/livingoncookies.com\/?s={search_term_string}"},"query-input":"required name=search_term_string"}],"inLanguage":"de"},{"@type":["Person","Organization"],"@id":"https:\/\/livingoncookies.com\/#\/schema\/person\/b03a60d5cdd8512b5d36ebd151ebd777","name":"Krista","image":{"@type":"ImageObject","inLanguage":"de","@id":"https:\/\/livingoncookies.com\/#\/schema\/person\/image\/","url":"https:\/\/livingoncookies.com\/wp-content\/uploads\/2019\/06\/Website-Preview-1.jpg","contentUrl":"https:\/\/livingoncookies.com\/wp-content\/uploads\/2019\/06\/Website-Preview-1.jpg","width":800,"height":800,"caption":"Krista"},"logo":{"@id":"https:\/\/livingoncookies.com\/#\/schema\/person\/image\/"},"sameAs":["https:\/\/livingoncookies.com\/about\/"]}]}},"_links":{"self":[{"href":"https:\/\/livingoncookies.com\/de\/wp-json\/wp\/v2\/pages\/9981"}],"collection":[{"href":"https:\/\/livingoncookies.com\/de\/wp-json\/wp\/v2\/pages"}],"about":[{"href":"https:\/\/livingoncookies.com\/de\/wp-json\/wp\/v2\/types\/page"}],"author":[{"embeddable":true,"href":"https:\/\/livingoncookies.com\/de\/wp-json\/wp\/v2\/users\/1"}],"replies":[{"embeddable":true,"href":"https:\/\/livingoncookies.com\/de\/wp-json\/wp\/v2\/comments?post=9981"}],"version-history":[{"count":3,"href":"https:\/\/livingoncookies.com\/de\/wp-json\/wp\/v2\/pages\/9981\/revisions"}],"predecessor-version":[{"id":9984,"href":"https:\/\/livingoncookies.com\/de\/wp-json\/wp\/v2\/pages\/9981\/revisions\/9984"}],"wp:attachment":[{"href":"https:\/\/livingoncookies.com\/de\/wp-json\/wp\/v2\/media?parent=9981"}],"curies":[{"name":"wp","href":"https:\/\/api.w.org\/{rel}","templated":true}]}}