{"id":93,"date":"2014-11-07T16:18:39","date_gmt":"2014-11-07T16:18:39","guid":{"rendered":"http:\/\/livingoncookies.net\/?page_id=93"},"modified":"2024-06-23T19:31:13","modified_gmt":"2024-06-23T18:31:13","slug":"hallo3","status":"publish","type":"page","link":"https:\/\/livingoncookies.com\/de\/hallo3\/","title":{"rendered":"\u00dcber mich"},"content":{"rendered":"<div class=\"wp-block-image\">\n<figure class=\"alignleft\"><a href=\"https:\/\/laffinite.com\/\"><img decoding=\"async\" width=\"200\" height=\"300\" src=\"https:\/\/livingoncookies.com\/wp-content\/uploads\/2019\/04\/DSC07542_klein-200x300.jpg\" alt=\"Krista sitting at table with bundt cake\" data-skip-lazy class=\"wp-image-7169\" srcset=\"https:\/\/livingoncookies.com\/wp-content\/uploads\/2019\/04\/DSC07542_klein-200x300.jpg 200w, https:\/\/livingoncookies.com\/wp-content\/uploads\/2019\/04\/DSC07542_klein.jpg 533w\" sizes=\"(max-width: 200px) 100vw, 200px\" \/><\/a><figcaption>Foto: <a href=\"https:\/\/laffinite.com\/\" target=\"_blank\" rel=\"noopener noreferrer\">l'affinit\u00e9<\/a><\/figcaption><\/figure><\/div>\n\n\n<p>Hallo, ich bin Krista und es freut mich, dass du hier bist!<\/p>\n\n\n\n<h3 class=\"wp-block-heading\">Angefangen hat es so<\/h3>\n\n\n\n<p>Ich bin im Jahr 1993 aus den USA nach \u00d6sterreich gezogen. Die \u00f6sterreichische Mentalit\u00e4t, die Kultur und die deutsche Sprache zu lernen und zu verstehen, war extrem schwer f\u00fcr mich. <\/p>\n\n\n\n<p>Damals hat mich das Backen von Chocolate Chip Cookies in unserer kleinen Gar\u00e7onni\u00e8re in Salzburg ein wenig getr\u00f6stet.<\/p>\n\n\n<div class=\"wp-block-image\">\n<figure class=\"alignright\"><a href=\"https:\/\/livingoncookies.com\/de\/die-besten-amerikanischen-chocolate-chip-cookies\/\"><img decoding=\"async\" width=\"200\" height=\"300\" src=\"https:\/\/livingoncookies.com\/wp-content\/uploads\/2019\/04\/IMG_9800ae1-200x300.jpg\" alt=\"stack of chocolate chip cookies with top cookie broken in half\" class=\"wp-image-7168\" srcset=\"https:\/\/livingoncookies.com\/wp-content\/uploads\/2019\/04\/IMG_9800ae1-200x300.jpg 200w, https:\/\/livingoncookies.com\/wp-content\/uploads\/2019\/04\/IMG_9800ae1.jpg 533w\" sizes=\"(max-width: 200px) 100vw, 200px\" \/><\/a><\/figure><\/div>\n\n\n<p>Dass Menschen hier auch so Backbegeistert sind wie ich, ist einer der Gr\u00fcnde warum ich so gerne hier lebe. Ein zweiter Grund ist dass der Nachmittgskaffee mit Kuchen eine Institution ist. <\/p>\n\n\n\n<h3 class=\"wp-block-heading\">Backen lernen in \u00d6sterreich<\/h3>\n\n\n\n<p>Beim Backen und Genie\u00dfen bin ich zuhause. Das Backen in \u00d6sterreich war zuerst eine gro\u00dfe Herausforderung. Denn um meine geliebten Cookies, Brownies, Cupcakes und co. zu backen, musste ich die Hauptzutaten aus den USA selbst importieren. Langsam habe ich gelernt welche \u00f6sterreichischen Zutaten den amerikanischen entsprechen.<\/p>\n\n\n\n<p>Das Backen von \u00f6sterreichischen Mehlspeisen wiederum bedeutete: 1. Deutsch verstehen zu m\u00fcssen, 2. mit dem metrischen System umgehen zu k\u00f6nnen, 3. mit Zutaten zu backen, die ich nicht kannte, und 4. die \u00f6sterreichischen Rezepte werden oft d\u00fcrftig beschrieben \u2013 mit ungenauen Zutatenangaben und als Anleitung: \u201edie Zutaten vermengen und backen\u201c.<\/p>\n\n\n<div class=\"wp-block-image\">\n<figure class=\"alignleft\"><a href=\"https:\/\/livingoncookies.com\/de\/erdbeerkuchen-vom-blech\/\"><img decoding=\"async\" width=\"200\" height=\"300\" src=\"https:\/\/livingoncookies.com\/wp-content\/uploads\/2018\/06\/IMG_7877ae-200x300.jpg\" alt=\"\" class=\"wp-image-6192\" srcset=\"https:\/\/livingoncookies.com\/wp-content\/uploads\/2018\/06\/IMG_7877ae-200x300.jpg 200w, https:\/\/livingoncookies.com\/wp-content\/uploads\/2018\/06\/IMG_7877ae.jpg 533w\" sizes=\"(max-width: 200px) 100vw, 200px\" \/><\/a><\/figure><\/div>\n\n\n<h3 class=\"wp-block-heading\">Warum ich blogge<\/h3>\n\n\n\n<p>Seit 2014 schreibe ich hier auf Living on Cookies alles, was ich m\u00fchevoll herausgefunden habe. <\/p>\n\n\n\n<p>Meine Seite \u00fcber <a href=\"https:\/\/livingoncookies.com\/de\/umrechnungen-alternativen\/\">Umrechnungen und Substitutionen<\/a> ist das Herz von Living on Cookies, eine auf die ich selbst beim Umrechnen von Rezepten \u00f6fters zur\u00fcckgreife. Dort kannst du auch \u00fcber die Unterschiede zwischen amerikanischen und \u00f6sterreichischen Zutaten und Ma\u00dfeinheiten lesen und herausfinden welche Zutaten du verwenden sollst um die besten Backergebnisse zu erzielen. <\/p>\n\n\n\n<p>Ich schreibe meine Rezepte bewusst sehr genau mit Schritt f\u00fcr Schritt Anleitungen, oft in Begleitung von Fotos und mit vielen Erkl\u00e4rungen \u00fcber Zutaten und Ma\u00dfeinheiten. Das Ziel ist es meine LeserInnen zu inspirieren und zu ermutigen: Backen macht spa\u00df!<\/p>\n\n\n\n<h3 class=\"wp-block-heading\">Nun kannst du gerne schm\u00f6kern. Hier sind ein paar gute Ausgangspunkte:<\/h3>\n\n\n<div class='feast-category-index  feast-recipe-index'><ul class=\"fsri-list feast-grid-half feast-desktop-grid-fourth\"><li class=\"listing-item\"><a href=\"https:\/\/livingoncookies.com\/de\/cinnamon-rolls-die-besten-amerikanischen-zimtschnecken\/\"><img decoding=\"async\" width=\"360\" height=\"480\" src=\"https:\/\/livingoncookies.com\/wp-content\/uploads\/2019\/04\/IMG_0641ae1n-1-360x480.jpg\" class=\"feast_3x4_thumbnail fsri-image wp-post-image\" alt=\"eine gro\u00dfe zimtschnecke mit cream cheese frosting auf einem wei\u00dfen teller mit goldrand, in der mitte steckt eine gabel heraus\" data-pin-nopin=\"true\" aria-hidden=\"true\" srcset=\"https:\/\/livingoncookies.com\/wp-content\/uploads\/2019\/04\/IMG_0641ae1n-1-360x480.jpg 360w, https:\/\/livingoncookies.com\/wp-content\/uploads\/2019\/04\/IMG_0641ae1n-1-720x960.jpg 720w, https:\/\/livingoncookies.com\/wp-content\/uploads\/2019\/04\/IMG_0641ae1n-1-180x240.jpg 180w\" sizes=\"(max-width: 360px) 100vw, 360px\" \/><div class=\"fsri-title\">Cinnamon Rolls | die besten amerikanischen Zimtschnecken<\/div><\/a><\/li><li class=\"listing-item\"><a href=\"https:\/\/livingoncookies.com\/de\/erdbeerknoedel-aus-topfenteig\/\"><img decoding=\"async\" width=\"360\" height=\"480\" src=\"https:\/\/livingoncookies.com\/wp-content\/uploads\/2020\/06\/IMG_3873ae-360x480.jpg\" class=\"feast_3x4_thumbnail fsri-image wp-post-image\" alt=\"\" data-pin-nopin=\"true\" aria-hidden=\"true\" srcset=\"https:\/\/livingoncookies.com\/wp-content\/uploads\/2020\/06\/IMG_3873ae-360x480.jpg 360w, https:\/\/livingoncookies.com\/wp-content\/uploads\/2020\/06\/IMG_3873ae-180x240.jpg 180w\" sizes=\"(max-width: 360px) 100vw, 360px\" \/><div class=\"fsri-title\">Erdbeerkn\u00f6del aus Topfenteig<\/div><\/a><\/li><li class=\"listing-item\"><a href=\"https:\/\/livingoncookies.com\/de\/schoko-karamell-torte\/\"><img decoding=\"async\" width=\"360\" height=\"480\" src=\"https:\/\/livingoncookies.com\/wp-content\/uploads\/2020\/06\/IMG_3385ae1-360x480.jpg\" class=\"feast_3x4_thumbnail fsri-image wp-post-image\" alt=\"\" data-pin-nopin=\"true\" aria-hidden=\"true\" srcset=\"https:\/\/livingoncookies.com\/wp-content\/uploads\/2020\/06\/IMG_3385ae1-360x480.jpg 360w, https:\/\/livingoncookies.com\/wp-content\/uploads\/2020\/06\/IMG_3385ae1-180x240.jpg 180w\" sizes=\"(max-width: 360px) 100vw, 360px\" \/><div class=\"fsri-title\">Schoko-Karamell-Torte<\/div><\/a><\/li><li class=\"listing-item\"><a href=\"https:\/\/livingoncookies.com\/de\/mini-heidelbeer-cheesecakes\/\"><img decoding=\"async\" width=\"360\" height=\"480\" src=\"https:\/\/livingoncookies.com\/wp-content\/uploads\/2019\/09\/IMG_2401ae1-360x480.jpg\" class=\"feast_3x4_thumbnail fsri-image wp-post-image\" alt=\"\" data-pin-nopin=\"true\" aria-hidden=\"true\" srcset=\"https:\/\/livingoncookies.com\/wp-content\/uploads\/2019\/09\/IMG_2401ae1-360x480.jpg 360w, https:\/\/livingoncookies.com\/wp-content\/uploads\/2019\/09\/IMG_2401ae1-180x240.jpg 180w\" sizes=\"(max-width: 360px) 100vw, 360px\" \/><div class=\"fsri-title\">Mini Heidelbeer-Cheesecakes<\/div><\/a><\/li><\/ul><\/div>\n\n\n<h3 class=\"wp-block-heading\">Viel Spa\u00df beim St\u00f6bern!<\/h3>\n\n\n\n<p>Alles Liebe,<\/p>\n\n\n\n<figure class=\"wp-block-image size-feast-content-180px-wide\"><img decoding=\"async\" width=\"180\" height=\"112\" src=\"https:\/\/livingoncookies.com\/wp-content\/uploads\/2023\/01\/Krista-heart-signature-800-\u00d7-500-px-crop-180x112.png\" alt=\"\" class=\"wp-image-9452\" srcset=\"https:\/\/livingoncookies.com\/wp-content\/uploads\/2023\/01\/Krista-heart-signature-800-\u00d7-500-px-crop-180x112.png 180w, https:\/\/livingoncookies.com\/wp-content\/uploads\/2023\/01\/Krista-heart-signature-800-\u00d7-500-px-crop.png 258w\" sizes=\"(max-width: 180px) 100vw, 180px\" \/><\/figure>\n","protected":false},"excerpt":{"rendered":"<p>Hallo, ich bin Krista und es freut mich, dass du hier bist! Angefangen hat es so Ich bin im Jahr 1993 aus den USA nach \u00d6sterreich gezogen. Die \u00f6sterreichische Mentalit\u00e4t, die Kultur und die deutsche Sprache zu lernen und zu verstehen, war extrem schwer f\u00fcr mich. Damals hat mich das Backen von Chocolate Chip Cookies...<\/p>\n<p><a class=\"more-link\" href=\"https:\/\/livingoncookies.com\/de\/hallo3\/\">Read More<\/a><\/p>\n","protected":false},"author":1,"featured_media":0,"parent":0,"menu_order":0,"comment_status":"open","ping_status":"open","template":"","meta":{"wprm-recipe-roundup-name":"","wprm-recipe-roundup-description":"","_monsterinsights_skip_tracking":false,"_monsterinsights_sitenote_active":false,"_monsterinsights_sitenote_note":"","_monsterinsights_sitenote_category":0,"_genesis_hide_title":false,"_genesis_hide_breadcrumbs":false,"_genesis_hide_singular_image":false,"_genesis_hide_footer_widgets":false,"_genesis_custom_body_class":"","_genesis_custom_post_class":"","_genesis_layout":"content-sidebar","footnotes":""},"yoast_head":"<!-- This site is optimized with the Yoast SEO plugin v23.2 - https:\/\/yoast.com\/wordpress\/plugins\/seo\/ -->\n<title>\u00dcber mich - Living on Cookies<\/title>\n<meta name=\"robots\" content=\"index, follow, max-snippet:-1, max-image-preview:large, max-video-preview:-1\" \/>\n<link rel=\"canonical\" href=\"https:\/\/livingoncookies.com\/de\/hallo3\/\" \/>\n<meta property=\"og:locale\" content=\"de_DE\" \/>\n<meta property=\"og:type\" content=\"article\" \/>\n<meta property=\"og:title\" content=\"\u00dcber mich - Living on Cookies\" \/>\n<meta property=\"og:description\" content=\"Hallo, ich bin Krista und es freut mich, dass du hier bist! Angefangen hat es so Ich bin im Jahr 1993 aus den USA nach \u00d6sterreich gezogen. Die \u00f6sterreichische Mentalit\u00e4t, die Kultur und die deutsche Sprache zu lernen und zu verstehen, war extrem schwer f\u00fcr mich. Damals hat mich das Backen von Chocolate Chip Cookies...Read More\" \/>\n<meta property=\"og:url\" content=\"https:\/\/livingoncookies.com\/de\/hallo3\/\" \/>\n<meta property=\"og:site_name\" content=\"Living on Cookies\" \/>\n<meta property=\"article:modified_time\" content=\"2024-06-23T18:31:13+00:00\" \/>\n<meta property=\"og:image\" content=\"https:\/\/livingoncookies.com\/wp-content\/uploads\/2019\/04\/DSC07542_klein-200x300.jpg\" \/>\n<meta name=\"twitter:card\" content=\"summary_large_image\" \/>\n<meta name=\"twitter:label1\" content=\"Gesch\u00e4tzte Lesezeit\" \/>\n\t<meta name=\"twitter:data1\" content=\"3\u00a0Minuten\" \/>\n<script type=\"application\/ld+json\" class=\"yoast-schema-graph\">{\"@context\":\"https:\/\/schema.org\",\"@graph\":[{\"@type\":\"WebPage\",\"@id\":\"https:\/\/livingoncookies.com\/de\/hallo3\/\",\"url\":\"https:\/\/livingoncookies.com\/de\/hallo3\/\",\"name\":\"\u00dcber mich - Living on Cookies\",\"isPartOf\":{\"@id\":\"https:\/\/livingoncookies.com\/#website\"},\"primaryImageOfPage\":{\"@id\":\"https:\/\/livingoncookies.com\/de\/hallo3\/#primaryimage\"},\"image\":{\"@id\":\"https:\/\/livingoncookies.com\/de\/hallo3\/#primaryimage\"},\"thumbnailUrl\":\"https:\/\/livingoncookies.com\/wp-content\/uploads\/2019\/04\/DSC07542_klein-200x300.jpg\",\"datePublished\":\"2014-11-07T16:18:39+00:00\",\"dateModified\":\"2024-06-23T18:31:13+00:00\",\"breadcrumb\":{\"@id\":\"https:\/\/livingoncookies.com\/de\/hallo3\/#breadcrumb\"},\"inLanguage\":\"de\",\"potentialAction\":[{\"@type\":\"ReadAction\",\"target\":[\"https:\/\/livingoncookies.com\/de\/hallo3\/\"]}]},{\"@type\":\"ImageObject\",\"inLanguage\":\"de\",\"@id\":\"https:\/\/livingoncookies.com\/de\/hallo3\/#primaryimage\",\"url\":\"https:\/\/livingoncookies.com\/wp-content\/uploads\/2019\/04\/DSC07542_klein-200x300.jpg\",\"contentUrl\":\"https:\/\/livingoncookies.com\/wp-content\/uploads\/2019\/04\/DSC07542_klein-200x300.jpg\"},{\"@type\":\"BreadcrumbList\",\"@id\":\"https:\/\/livingoncookies.com\/de\/hallo3\/#breadcrumb\",\"itemListElement\":[{\"@type\":\"ListItem\",\"position\":1,\"name\":\"Home\",\"item\":\"https:\/\/livingoncookies.com\/de\/\"},{\"@type\":\"ListItem\",\"position\":2,\"name\":\"\u00dcber mich\"}]},{\"@type\":\"WebSite\",\"@id\":\"https:\/\/livingoncookies.com\/#website\",\"url\":\"https:\/\/livingoncookies.com\/\",\"name\":\"Living on Cookies\",\"description\":\"an American baking in Austria\",\"publisher\":{\"@id\":\"https:\/\/livingoncookies.com\/#\/schema\/person\/b03a60d5cdd8512b5d36ebd151ebd777\"},\"potentialAction\":[{\"@type\":\"SearchAction\",\"target\":{\"@type\":\"EntryPoint\",\"urlTemplate\":\"https:\/\/livingoncookies.com\/?s={search_term_string}\"},\"query-input\":\"required name=search_term_string\"}],\"inLanguage\":\"de\"},{\"@type\":[\"Person\",\"Organization\"],\"@id\":\"https:\/\/livingoncookies.com\/#\/schema\/person\/b03a60d5cdd8512b5d36ebd151ebd777\",\"name\":\"Krista\",\"image\":{\"@type\":\"ImageObject\",\"inLanguage\":\"de\",\"@id\":\"https:\/\/livingoncookies.com\/#\/schema\/person\/image\/\",\"url\":\"https:\/\/livingoncookies.com\/wp-content\/uploads\/2019\/06\/Website-Preview-1.jpg\",\"contentUrl\":\"https:\/\/livingoncookies.com\/wp-content\/uploads\/2019\/06\/Website-Preview-1.jpg\",\"width\":800,\"height\":800,\"caption\":\"Krista\"},\"logo\":{\"@id\":\"https:\/\/livingoncookies.com\/#\/schema\/person\/image\/\"},\"sameAs\":[\"https:\/\/livingoncookies.com\/about\/\"]}]}<\/script>\n<!-- \/ Yoast SEO plugin. -->","yoast_head_json":{"title":"\u00dcber mich - Living on Cookies","robots":{"index":"index","follow":"follow","max-snippet":"max-snippet:-1","max-image-preview":"max-image-preview:large","max-video-preview":"max-video-preview:-1"},"canonical":"https:\/\/livingoncookies.com\/de\/hallo3\/","og_locale":"de_DE","og_type":"article","og_title":"\u00dcber mich - Living on Cookies","og_description":"Hallo, ich bin Krista und es freut mich, dass du hier bist! Angefangen hat es so Ich bin im Jahr 1993 aus den USA nach \u00d6sterreich gezogen. Die \u00f6sterreichische Mentalit\u00e4t, die Kultur und die deutsche Sprache zu lernen und zu verstehen, war extrem schwer f\u00fcr mich. Damals hat mich das Backen von Chocolate Chip Cookies...Read More","og_url":"https:\/\/livingoncookies.com\/de\/hallo3\/","og_site_name":"Living on Cookies","article_modified_time":"2024-06-23T18:31:13+00:00","og_image":[{"url":"https:\/\/livingoncookies.com\/wp-content\/uploads\/2019\/04\/DSC07542_klein-200x300.jpg"}],"twitter_card":"summary_large_image","twitter_misc":{"Gesch\u00e4tzte Lesezeit":"3\u00a0Minuten"},"schema":{"@context":"https:\/\/schema.org","@graph":[{"@type":"WebPage","@id":"https:\/\/livingoncookies.com\/de\/hallo3\/","url":"https:\/\/livingoncookies.com\/de\/hallo3\/","name":"\u00dcber mich - Living on Cookies","isPartOf":{"@id":"https:\/\/livingoncookies.com\/#website"},"primaryImageOfPage":{"@id":"https:\/\/livingoncookies.com\/de\/hallo3\/#primaryimage"},"image":{"@id":"https:\/\/livingoncookies.com\/de\/hallo3\/#primaryimage"},"thumbnailUrl":"https:\/\/livingoncookies.com\/wp-content\/uploads\/2019\/04\/DSC07542_klein-200x300.jpg","datePublished":"2014-11-07T16:18:39+00:00","dateModified":"2024-06-23T18:31:13+00:00","breadcrumb":{"@id":"https:\/\/livingoncookies.com\/de\/hallo3\/#breadcrumb"},"inLanguage":"de","potentialAction":[{"@type":"ReadAction","target":["https:\/\/livingoncookies.com\/de\/hallo3\/"]}]},{"@type":"ImageObject","inLanguage":"de","@id":"https:\/\/livingoncookies.com\/de\/hallo3\/#primaryimage","url":"https:\/\/livingoncookies.com\/wp-content\/uploads\/2019\/04\/DSC07542_klein-200x300.jpg","contentUrl":"https:\/\/livingoncookies.com\/wp-content\/uploads\/2019\/04\/DSC07542_klein-200x300.jpg"},{"@type":"BreadcrumbList","@id":"https:\/\/livingoncookies.com\/de\/hallo3\/#breadcrumb","itemListElement":[{"@type":"ListItem","position":1,"name":"Home","item":"https:\/\/livingoncookies.com\/de\/"},{"@type":"ListItem","position":2,"name":"\u00dcber mich"}]},{"@type":"WebSite","@id":"https:\/\/livingoncookies.com\/#website","url":"https:\/\/livingoncookies.com\/","name":"Living on Cookies","description":"an American baking in Austria","publisher":{"@id":"https:\/\/livingoncookies.com\/#\/schema\/person\/b03a60d5cdd8512b5d36ebd151ebd777"},"potentialAction":[{"@type":"SearchAction","target":{"@type":"EntryPoint","urlTemplate":"https:\/\/livingoncookies.com\/?s={search_term_string}"},"query-input":"required name=search_term_string"}],"inLanguage":"de"},{"@type":["Person","Organization"],"@id":"https:\/\/livingoncookies.com\/#\/schema\/person\/b03a60d5cdd8512b5d36ebd151ebd777","name":"Krista","image":{"@type":"ImageObject","inLanguage":"de","@id":"https:\/\/livingoncookies.com\/#\/schema\/person\/image\/","url":"https:\/\/livingoncookies.com\/wp-content\/uploads\/2019\/06\/Website-Preview-1.jpg","contentUrl":"https:\/\/livingoncookies.com\/wp-content\/uploads\/2019\/06\/Website-Preview-1.jpg","width":800,"height":800,"caption":"Krista"},"logo":{"@id":"https:\/\/livingoncookies.com\/#\/schema\/person\/image\/"},"sameAs":["https:\/\/livingoncookies.com\/about\/"]}]}},"_links":{"self":[{"href":"https:\/\/livingoncookies.com\/de\/wp-json\/wp\/v2\/pages\/93"}],"collection":[{"href":"https:\/\/livingoncookies.com\/de\/wp-json\/wp\/v2\/pages"}],"about":[{"href":"https:\/\/livingoncookies.com\/de\/wp-json\/wp\/v2\/types\/page"}],"author":[{"embeddable":true,"href":"https:\/\/livingoncookies.com\/de\/wp-json\/wp\/v2\/users\/1"}],"replies":[{"embeddable":true,"href":"https:\/\/livingoncookies.com\/de\/wp-json\/wp\/v2\/comments?post=93"}],"version-history":[{"count":47,"href":"https:\/\/livingoncookies.com\/de\/wp-json\/wp\/v2\/pages\/93\/revisions"}],"predecessor-version":[{"id":10823,"href":"https:\/\/livingoncookies.com\/de\/wp-json\/wp\/v2\/pages\/93\/revisions\/10823"}],"wp:attachment":[{"href":"https:\/\/livingoncookies.com\/de\/wp-json\/wp\/v2\/media?parent=93"}],"curies":[{"name":"wp","href":"https:\/\/api.w.org\/{rel}","templated":true}]}}